{"id":17,"date":"2007-06-04T20:45:33","date_gmt":"2007-06-04T18:45:33","guid":{"rendered":"http:\/\/aikido-zentrum-essen.de\/?page_id=17"},"modified":"2024-05-06T14:41:35","modified_gmt":"2024-05-06T12:41:35","slug":"impressum","status":"publish","type":"page","link":"https:\/\/www.aikido-zentrum-essen.de\/?page_id=17","title":{"rendered":"Impressum \/ Datenschutzerkl\u00e4rung"},"content":{"rendered":"<p><strong>Verantwortlich f\u00fcr den Inhalt<\/strong><\/p>\n<p>Aikido-Zentrum Essen \/ Wuppertal e.V.<br \/>\nDer Vorstand c\/o Peter Thanisch<br \/>\nGutenbergstr. 30<br \/>\n45128 Essen<\/p>\n<p>E-Mail: info [\u00e4t] aikido-zentrum-essen.de<br \/>\nInternet: <em><a href=\"http:\/\/www.aikido-zentrum-essen.de\">www.aikido-zentrum-essen.de<\/a><\/em><\/p>\n<p>Alle Inhalte dieser Website \u00a9 Aikido-Zentrum Essen \/ Wuppertal e.V., alle Rechte vorbehalten.<\/p>\n<p>Wir haben den Inhalt der Seiten mit gr\u00f6\u00dfter Sorgfalt erstellt. Sollten Sie Vorbehalte oder Einw\u00e4nde gegen die dargestellten Inhalte, grafischen und fotografischen Darstellungen oder zum Herunterladen bereit gestellten Dateien haben, wenden Sie sich bitte an die Redaktion. Bitte beachten Sie auch den Disclaimer (Ausschlussklausel), der Bestandteil aller in dieser Domain dargestellten Seiten ist.<\/p>\n<p><strong>Disclaimer (Ausschlussklausel, Haftungsbeschr\u00e4nkung)<\/strong><br \/>\nIm Folgenden wird unter \u201cdas Webangebot\u201d die Website des Aikido-Zentrums Essen (www.aikido-zentrum-essen.de) verstanden, unter \u201cdie Autoren\u201d die Redaktion der Website. Die folgenden Abschnitte gelten f\u00fcr alle Bereich der Website.<\/p>\n<p><strong>Inhalt des Webangebotes<\/strong><br \/>\nDie Autoren \u00fcbernehmen keine Haftung f\u00fcr die Aktualit\u00e4t, die inhaltliche Richtigkeit sowie f\u00fcr die Vollst\u00e4ndigkeit der in ihrem Webangebot eingestellten Informationen. Dies bezieht sich auf eventuelle Sch\u00e4den Dritter von materieller oder ideeller Art, die durch die Nutzung dieses Webangebotes verursacht werden k\u00f6nnten. Alle Angebote sind freibleibend und unverbindlich. Die Autoren behalten es sich ausdr\u00fccklich vor, Teile der Seiten oder das gesamte Angebot ohne gesonderte Ank\u00fcndigung zu ver\u00e4ndern, zu erg\u00e4nzen, zu l\u00f6schen oder die Ver\u00f6ffentlichung zeitweise oder endg\u00fcltig einzustellen.<\/p>\n<p><strong>Copyright<\/strong><br \/>\nDie Autoren sind bestrebt, in allen Publikationen die Urheberrechte der verwendeten Grafiken, Tondokumente, Videosequenzen und Texte zu beachten. Alle innerhalb des Internetangebotes genannten und ggf. durch Dritte gesch\u00fctzten Marken- und Warenzeichen unterliegen uneingeschr\u00e4nkt den Bestimmungen des jeweils g\u00fcltigen Kennzeichenrechts und den Besitzrechten der jeweiligen eingetragenen Eigent\u00fcmer.<\/p>\n<p>Das Copyright f\u00fcr ver\u00f6ffentlichte, von den Autoren selbst erstellte Objekte bleibt allein bei den Autoren der Seiten. Eine Vervielf\u00e4ltigung oder Verwendung solcher Grafiken, Tondokumente, Videosequenzen und Texte in anderen elektronischen oder gedruckten Publikationen ist ohne ausdr\u00fcckliche Zustimmung des jeweiligen Autors nicht gestattet.<\/p>\n<p><strong>Externe Verweise und Links<\/strong><br \/>\nMit Urteil vom 12. Mai 1998 hat das LG Hamburg entschieden, dass man durch die Ausbringung eines Links die Inhalte der gelinkten Seite ggf. mit zu verantworten hat. Dies kann, so das Landgericht, nur dadurch verhindert werden, dass man sich ausdr\u00fccklich von diesen Inhalten distanziert.<\/p>\n<p>Die Autoren haben auf ihren Seiten Links zu Seiten im Internet gelegt, deren Inhalt und Aktualisierung nicht in ihrem Einflussbereich liegen. F\u00fcr alle diese Links gilt:<\/p>\n<p>Die Autoren haben keinen Einfluss auf Gestaltung und Inhalte fremder Internetseiten. Sie distanzieren sich daher ausdr\u00fccklich von allen fremden Inhalten, auch wenn von Seiten der Autoren auf diese externe Seiten ein Link gesetzt wurde.<\/p>\n<p>Diese Erkl\u00e4rung gilt f\u00fcr alle auf diesem Webauftritt angezeigten Links und f\u00fcr alle Inhalte der Seiten, zu denen die hier vorhandenen Banner und Links f\u00fchren.<\/p>\n<p><strong>Datenschutz \/ Datenschutzerkl\u00e4rung<\/strong><br \/>\nSofern innerhalb des Internetangebotes die M\u00f6glichkeit der Eingabe von pers\u00f6nlichen Daten (Emailadresse, Namen, Anschriften) besteht, erfolgt diese freiwillig. Der Verein erkl\u00e4rt ausdr\u00fccklich, dass diese Daten nicht an Dritte weitergeben werden.<br \/>\nUnsere Datenschutzerkl\u00e4rung hier:\u00a0<a href=\"http:\/\/www.aikido-zentrum-essen.de\/wp-content\/uploads\/2018\/05\/Datenschutzerkl\u00e4rung-Aikido-Zentrum-Essen-1.pdf\">Datenschutzerkl\u00e4rung Aikido Zentrum Essen<\/a><\/p>\n<p><strong>Rechtswirksamkeit<\/strong><br \/>\nDieser Haftungsausschluss ist Teil des Internetangebotes der Autoren. Sofern einzelne Formulierungen oder Teile dieses Textes der geltenden Rechtslage nicht oder nicht vollst\u00e4ndig entsprechen, bleiben die \u00fcbrigen Teile dieser Erkl\u00e4rung davon unber\u00fchrt.<\/p>\n<p><strong>Technische Realisierung<\/strong><br \/>\nDieser Webauftritt wird mit Hilfe von <em><a title=\"Wordpress\" href=\"http:\/\/de.wordpress.com\/\">WordPress<\/a><\/em> realisiert. Als zus\u00e4tzliches Plugin wird <em><a title=\"Google Sitemaps\" href=\"http:\/\/www.arnebrachhold.de\/2005\/06\/05\/google-sitemaps-generator-v2-final\">Google Sitemaps<\/a><\/em> verwendet.<\/p>\n<p>An dieser Stelle ein herzliches Dankesch\u00f6n an alle Entwickler.<\/p>\n","protected":false},"excerpt":{"rendered":"<p>Verantwortlich f\u00fcr den Inhalt Aikido-Zentrum Essen \/ Wuppertal e.V. Der Vorstand c\/o Peter Thanisch Gutenbergstr. 30 45128 Essen E-Mail: info [\u00e4t] aikido-zentrum-essen.de Internet: www.aikido-zentrum-essen.de Alle Inhalte dieser Website \u00a9 Aikido-Zentrum Essen \/ Wuppertal e.V., alle Rechte vorbehalten. Wir haben den Inhalt der Seiten mit gr\u00f6\u00dfter Sorgfalt erstellt. Sollten Sie Vorbehalte oder Einw\u00e4nde gegen die dargestellten [&hellip;]<\/p>\n","protected":false},"author":2,"featured_media":0,"parent":0,"menu_order":60,"comment_status":"closed","ping_status":"closed","template":"","meta":{"footnotes":""},"class_list":["post-17","page","type-page","status-publish","hentry"],"_links":{"self":[{"href":"https:\/\/www.aikido-zentrum-essen.de\/index.php?rest_route=\/wp\/v2\/pages\/17","targetHints":{"allow":["GET"]}}],"collection":[{"href":"https:\/\/www.aikido-zentrum-essen.de\/index.php?rest_route=\/wp\/v2\/pages"}],"about":[{"href":"https:\/\/www.aikido-zentrum-essen.de\/index.php?rest_route=\/wp\/v2\/types\/page"}],"author":[{"embeddable":true,"href":"https:\/\/www.aikido-zentrum-essen.de\/index.php?rest_route=\/wp\/v2\/users\/2"}],"replies":[{"embeddable":true,"href":"https:\/\/www.aikido-zentrum-essen.de\/index.php?rest_route=%2Fwp%2Fv2%2Fcomments&post=17"}],"version-history":[{"count":13,"href":"https:\/\/www.aikido-zentrum-essen.de\/index.php?rest_route=\/wp\/v2\/pages\/17\/revisions"}],"predecessor-version":[{"id":1078,"href":"https:\/\/www.aikido-zentrum-essen.de\/index.php?rest_route=\/wp\/v2\/pages\/17\/revisions\/1078"}],"wp:attachment":[{"href":"https:\/\/www.aikido-zentrum-essen.de\/index.php?rest_route=%2Fwp%2Fv2%2Fmedia&parent=17"}],"curies":[{"name":"wp","href":"https:\/\/api.w.org\/{rel}","templated":true}]}}